{"id":2175,"date":"2022-04-29T09:24:20","date_gmt":"2022-04-29T09:24:20","guid":{"rendered":"https:\/\/www.learracingcable.com\/cablaggi\/?page_id=2175"},"modified":"2024-03-06T16:23:06","modified_gmt":"2024-03-06T16:23:06","slug":"passione-innovazione","status":"publish","type":"page","link":"https:\/\/www.learracingcable.com\/cablaggi\/passione-innovazione\/","title":{"rendered":"Passione Innovazione"},"content":{"rendered":"\t\t<div data-elementor-type=\"wp-page\" data-elementor-id=\"2175\" class=\"elementor elementor-2175\">\n\t\t\t\t\t\t<section class=\"elementor-section elementor-top-section elementor-element elementor-element-cf20499 elementor-section-boxed elementor-section-height-default elementor-section-height-default wpr-particle-no wpr-jarallax-no wpr-parallax-no wpr-sticky-section-no wpr-equal-height-no\" data-id=\"cf20499\" data-element_type=\"section\" data-e-type=\"section\">\n\t\t\t\t\t\t<div class=\"elementor-container elementor-column-gap-default\">\n\t\t\t\t\t<div class=\"elementor-column elementor-col-100 elementor-top-column elementor-element elementor-element-6872803\" data-id=\"6872803\" data-element_type=\"column\" data-e-type=\"column\">\n\t\t\t<div class=\"elementor-widget-wrap elementor-element-populated\">\n\t\t\t\t\t\t<div class=\"elementor-element elementor-element-8f94405 elementor-widget elementor-widget-text-editor\" data-id=\"8f94405\" data-element_type=\"widget\" data-e-type=\"widget\" data-widget_type=\"text-editor.default\">\n\t\t\t\t<div class=\"elementor-widget-container\">\n\t\t\t\t\t\t\t\t\t<h2><strong>L&#8217;innovazione \u00e8 il cuore pulsante del nostro modo di essere<\/strong><\/h2>\n<p>\u00c8 pi\u00f9 di un obiettivo: \u00e8 al centro stesso del nostro DNA.<\/p>\n<p>Questo perch\u00e9 facciamo parte del mondo racing &#8211; un mondo in cui restare fermi (o anche solo rallentare un po\u2019) non \u00e8 un\u2019opzione.<br>Innovazione per LEAR RACING CABLE significa essere competitivi in un settore competitivo, in cui le tecnologie crescono continuamente e le sfide tecnologiche pongono continuamente nuovi obiettivi.<\/p>\n<p>Ma Innovazione per noi ha anche un altro significato. Significa realizzare i nostri prodotti in modo sempre diverso, e sempre migliore.<br>Negli ultimi anni abbiamo adottato metodologie di collaudo via via pi\u00f9 precise e sofisticate, e siamo tra i primi in Italia a poter vantare un sistema di collaudo integrato in<strong> logica 4.0<\/strong>.<\/p>\n\n<p>Stiamo integrando tecnologie <strong>RFID<\/strong>&nbsp; per garantire sicurezza e tracciabilit\u00e0 dei nostri componenti.<br><br>E stiamo corredando di sensoristica <strong>wireless<\/strong> i nostri impianti e i nostri ambienti, per un controllo sempre pi\u00f9 puntuale e intelligente di tutto il ciclo produttivo.<\/p>\n<p>Nel corso del 2022 avvieremo importanti collaborazioni in ottica <strong>Open Innovation<\/strong> con <strong>universit\u00e0<\/strong>, aziende e <strong>startup<\/strong> di punta che condividono la stessa nostra passione per le gare e la velocit\u00e0.<br>Con un solo obiettivo: rimettere in pista i nostri clienti, la prossima stagione, al top della performance.<\/p>\t\t\t\t\t\t\t\t<\/div>\n\t\t\t\t<\/div>\n\t\t\t\t\t<\/div>\n\t\t<\/div>\n\t\t\t\t\t<\/div>\n\t\t<\/section>\n\t\t\t\t<section class=\"elementor-section elementor-top-section elementor-element elementor-element-37e1464 elementor-section-boxed elementor-section-height-default elementor-section-height-default wpr-particle-no wpr-jarallax-no wpr-parallax-no wpr-sticky-section-no wpr-equal-height-no\" data-id=\"37e1464\" data-element_type=\"section\" data-e-type=\"section\">\n\t\t\t\t\t\t<div class=\"elementor-container elementor-column-gap-default\">\n\t\t\t\t\t<div class=\"elementor-column elementor-col-100 elementor-top-column elementor-element elementor-element-eec9913\" data-id=\"eec9913\" data-element_type=\"column\" data-e-type=\"column\">\n\t\t\t<div class=\"elementor-widget-wrap\">\n\t\t\t\t\t\t\t<\/div>\n\t\t<\/div>\n\t\t\t\t\t<\/div>\n\t\t<\/section>\n\t\t\t\t<\/div>\n\t\t","protected":false},"excerpt":{"rendered":"<p>L&#8217;innovazione \u00e8 il cuore pulsante del nostro modo di essere \u00c8 pi\u00f9 di un obiettivo: \u00e8 al centro stesso del nostro DNA. Questo perch\u00e9 facciamo parte del mondo racing &#8211; un mondo in cui restare fermi (o anche solo rallentare un po\u2019) non \u00e8 un\u2019opzione.Innovazione per LEAR RACING CABLE significa essere competitivi in un settore competitivo, in cui le tecnologie crescono continuamente e le sfide tecnologiche pongono continuamente nuovi obiettivi. Ma Innovazione per noi ha anche un altro significato. Significa realizzare i nostri prodotti in modo sempre diverso, e sempre migliore.Negli ultimi anni abbiamo adottato metodologie di collaudo via via pi\u00f9 precise e sofisticate, e siamo tra i primi in Italia a poter vantare un sistema di collaudo integrato in logica 4.0. Stiamo integrando tecnologie RFID&nbsp; per garantire sicurezza e tracciabilit\u00e0 dei nostri componenti. E stiamo corredando di sensoristica wireless i nostri impianti e i nostri ambienti, per un controllo&hellip;<\/p>\n<p> <a class=\"more-link\" href=\"https:\/\/www.learracingcable.com\/cablaggi\/passione-innovazione\/\">Leggi tutto<\/a><\/p>\n","protected":false},"author":1,"featured_media":0,"parent":0,"menu_order":0,"comment_status":"closed","ping_status":"closed","template":"","meta":{"footnotes":""},"class_list":["post-2175","page","type-page","status-publish"],"_links":{"self":[{"href":"https:\/\/www.learracingcable.com\/cablaggi\/wp-json\/wp\/v2\/pages\/2175","targetHints":{"allow":["GET"]}}],"collection":[{"href":"https:\/\/www.learracingcable.com\/cablaggi\/wp-json\/wp\/v2\/pages"}],"about":[{"href":"https:\/\/www.learracingcable.com\/cablaggi\/wp-json\/wp\/v2\/types\/page"}],"author":[{"embeddable":true,"href":"https:\/\/www.learracingcable.com\/cablaggi\/wp-json\/wp\/v2\/users\/1"}],"replies":[{"embeddable":true,"href":"https:\/\/www.learracingcable.com\/cablaggi\/wp-json\/wp\/v2\/comments?post=2175"}],"version-history":[{"count":72,"href":"https:\/\/www.learracingcable.com\/cablaggi\/wp-json\/wp\/v2\/pages\/2175\/revisions"}],"predecessor-version":[{"id":3968,"href":"https:\/\/www.learracingcable.com\/cablaggi\/wp-json\/wp\/v2\/pages\/2175\/revisions\/3968"}],"wp:attachment":[{"href":"https:\/\/www.learracingcable.com\/cablaggi\/wp-json\/wp\/v2\/media?parent=2175"}],"curies":[{"name":"wp","href":"https:\/\/api.w.org\/{rel}","templated":true}]}}